{"id":54,"date":"2021-09-20T22:29:14","date_gmt":"2021-09-20T20:29:14","guid":{"rendered":"http:\/\/schwerelosfreieredner.at\/?page_id=54"},"modified":"2023-01-15T00:06:54","modified_gmt":"2023-01-14T23:06:54","slug":"freie-taufe","status":"publish","type":"page","link":"https:\/\/schwerelosfreieredner.at\/?page_id=54","title":{"rendered":"Willkommensfest"},"content":{"rendered":"\t\t<div data-elementor-type=\"wp-page\" data-elementor-id=\"54\" class=\"elementor elementor-54\">\n\t\t\t\t\t\t<section class=\"elementor-section elementor-top-section elementor-element elementor-element-29647465 elementor-section-boxed elementor-section-height-default elementor-section-height-default wpr-particle-no wpr-jarallax-no wpr-parallax-no wpr-sticky-section-no wpr-equal-height-no\" data-id=\"29647465\" data-element_type=\"section\" data-e-type=\"section\">\n\t\t\t\t\t\t<div class=\"elementor-container elementor-column-gap-default\">\n\t\t\t\t\t<div class=\"elementor-column elementor-col-100 elementor-top-column elementor-element elementor-element-eac8872\" data-id=\"eac8872\" data-element_type=\"column\" data-e-type=\"column\">\n\t\t\t<div class=\"elementor-widget-wrap elementor-element-populated\">\n\t\t\t\t\t\t<div class=\"elementor-element elementor-element-b25a71c elementor-widget elementor-widget-image\" data-id=\"b25a71c\" data-element_type=\"widget\" data-e-type=\"widget\" data-widget_type=\"image.default\">\n\t\t\t\t<div class=\"elementor-widget-container\">\n\t\t\t\t\t\t\t\t\t\t\t\t\t\t\t<img fetchpriority=\"high\" decoding=\"async\" width=\"768\" height=\"511\" src=\"https:\/\/schwerelosfreieredner.at\/wp-content\/uploads\/2021\/10\/baby-love-768x511.jpg\" class=\"attachment-medium_large size-medium_large wp-image-921\" alt=\"\" srcset=\"https:\/\/schwerelosfreieredner.at\/wp-content\/uploads\/2021\/10\/baby-love-768x511.jpg 768w, https:\/\/schwerelosfreieredner.at\/wp-content\/uploads\/2021\/10\/baby-love-300x200.jpg 300w, https:\/\/schwerelosfreieredner.at\/wp-content\/uploads\/2021\/10\/baby-love-1024x681.jpg 1024w, https:\/\/schwerelosfreieredner.at\/wp-content\/uploads\/2021\/10\/baby-love-1536x1022.jpg 1536w, https:\/\/schwerelosfreieredner.at\/wp-content\/uploads\/2021\/10\/baby-love-2048x1363.jpg 2048w\" sizes=\"(max-width: 768px) 100vw, 768px\" \/>\t\t\t\t\t\t\t\t\t\t\t\t\t\t\t<\/div>\n\t\t\t\t<\/div>\n\t\t\t\t<div class=\"elementor-element elementor-element-31409dbc elementor-widget elementor-widget-text-editor\" data-id=\"31409dbc\" data-element_type=\"widget\" data-e-type=\"widget\" data-widget_type=\"text-editor.default\">\n\t\t\t\t<div class=\"elementor-widget-container\">\n\t\t\t\t\t\t\t\t\t<p style=\"text-align: center;\"><span style=\"color: #808080; font-family: Montserrat, sans-serif; font-size: 22px; font-style: var( --e-global-typography-text-font-style ); font-weight: 400; letter-spacing: var( --e-global-typography-text-letter-spacing ); text-align: center; text-transform: uppercase;\"><br><\/span><\/p><p style=\"text-align: center;\"><span style=\"color: #808080; font-family: Montserrat, sans-serif; font-size: 22px; font-style: var( --e-global-typography-text-font-style ); font-weight: 400; letter-spacing: var( --e-global-typography-text-letter-spacing ); text-align: center; text-transform: uppercase;\">Das gr\u00f6\u00dfte Gl\u00fcck in den H\u00e4nden zu halten und mit der Familie und Freunden \u201eSCHWERELOS\u201c Willkommen zu hei\u00dfen, bleibt unvergesslich.<\/span><\/p>\n<h3><!-- \/wp:paragraph --><\/h3>\n<p><\/p>\n<p><!-- wp:paragraph --><\/p>\n<p><!-- \/wp:paragraph --><\/p>\n<p><!-- \/wp:column --><\/p>\n<p><!-- \/wp:columns --><!-- wp:paragraph --><\/p>\n<p><!-- \/wp:paragraph --><\/p>\n<p><!-- \/wp:column --><\/p>\n<p><!-- \/wp:columns --><\/p>\n<p><\/p>\t\t\t\t\t\t\t\t<\/div>\n\t\t\t\t<\/div>\n\t\t\t\t\t<\/div>\n\t\t<\/div>\n\t\t\t\t\t<\/div>\n\t\t<\/section>\n\t\t\t\t<section class=\"elementor-section elementor-top-section elementor-element elementor-element-fb0a142 elementor-section-boxed elementor-section-height-default elementor-section-height-default wpr-particle-no wpr-jarallax-no wpr-parallax-no wpr-sticky-section-no wpr-equal-height-no\" data-id=\"fb0a142\" data-element_type=\"section\" data-e-type=\"section\">\n\t\t\t\t\t\t<div class=\"elementor-container elementor-column-gap-default\">\n\t\t\t\t\t<div class=\"elementor-column elementor-col-33 elementor-top-column elementor-element elementor-element-d053f8b\" data-id=\"d053f8b\" data-element_type=\"column\" data-e-type=\"column\">\n\t\t\t<div class=\"elementor-widget-wrap elementor-element-populated\">\n\t\t\t\t\t\t<div class=\"elementor-element elementor-element-a8a841e elementor-widget elementor-widget-image\" data-id=\"a8a841e\" data-element_type=\"widget\" data-e-type=\"widget\" data-widget_type=\"image.default\">\n\t\t\t\t<div class=\"elementor-widget-container\">\n\t\t\t\t\t\t\t\t\t\t\t\t\t\t\t<img decoding=\"async\" width=\"1024\" height=\"683\" src=\"https:\/\/schwerelosfreieredner.at\/wp-content\/uploads\/2021\/09\/baby-fuesse-1-1024x683.jpg\" class=\"attachment-large size-large wp-image-205\" alt=\"\" srcset=\"https:\/\/schwerelosfreieredner.at\/wp-content\/uploads\/2021\/09\/baby-fuesse-1-1024x683.jpg 1024w, https:\/\/schwerelosfreieredner.at\/wp-content\/uploads\/2021\/09\/baby-fuesse-1-300x200.jpg 300w, https:\/\/schwerelosfreieredner.at\/wp-content\/uploads\/2021\/09\/baby-fuesse-1-768x513.jpg 768w, https:\/\/schwerelosfreieredner.at\/wp-content\/uploads\/2021\/09\/baby-fuesse-1-1536x1025.jpg 1536w, https:\/\/schwerelosfreieredner.at\/wp-content\/uploads\/2021\/09\/baby-fuesse-1-2048x1367.jpg 2048w, https:\/\/schwerelosfreieredner.at\/wp-content\/uploads\/2021\/09\/baby-fuesse-1-1140x761.jpg 1140w\" sizes=\"(max-width: 1024px) 100vw, 1024px\" \/>\t\t\t\t\t\t\t\t\t\t\t\t\t\t\t<\/div>\n\t\t\t\t<\/div>\n\t\t\t\t\t<\/div>\n\t\t<\/div>\n\t\t\t\t<div class=\"elementor-column elementor-col-33 elementor-top-column elementor-element elementor-element-e270028\" data-id=\"e270028\" data-element_type=\"column\" data-e-type=\"column\">\n\t\t\t<div class=\"elementor-widget-wrap elementor-element-populated\">\n\t\t\t\t\t\t<div class=\"elementor-element elementor-element-56f6e31 elementor-widget elementor-widget-image\" data-id=\"56f6e31\" data-element_type=\"widget\" data-e-type=\"widget\" data-widget_type=\"image.default\">\n\t\t\t\t<div class=\"elementor-widget-container\">\n\t\t\t\t\t\t\t\t\t\t\t\t\t\t\t<img decoding=\"async\" width=\"1024\" height=\"683\" src=\"https:\/\/schwerelosfreieredner.at\/wp-content\/uploads\/2021\/09\/eltern-baby-3-1024x683.jpg\" class=\"attachment-large size-large wp-image-212\" alt=\"\" srcset=\"https:\/\/schwerelosfreieredner.at\/wp-content\/uploads\/2021\/09\/eltern-baby-3-1024x683.jpg 1024w, https:\/\/schwerelosfreieredner.at\/wp-content\/uploads\/2021\/09\/eltern-baby-3-300x200.jpg 300w, https:\/\/schwerelosfreieredner.at\/wp-content\/uploads\/2021\/09\/eltern-baby-3-768x512.jpg 768w, https:\/\/schwerelosfreieredner.at\/wp-content\/uploads\/2021\/09\/eltern-baby-3-1536x1024.jpg 1536w, https:\/\/schwerelosfreieredner.at\/wp-content\/uploads\/2021\/09\/eltern-baby-3-2048x1365.jpg 2048w, https:\/\/schwerelosfreieredner.at\/wp-content\/uploads\/2021\/09\/eltern-baby-3-1140x760.jpg 1140w\" sizes=\"(max-width: 1024px) 100vw, 1024px\" \/>\t\t\t\t\t\t\t\t\t\t\t\t\t\t\t<\/div>\n\t\t\t\t<\/div>\n\t\t\t\t\t<\/div>\n\t\t<\/div>\n\t\t\t\t<div class=\"elementor-column elementor-col-33 elementor-top-column elementor-element elementor-element-bf699dd\" data-id=\"bf699dd\" data-element_type=\"column\" data-e-type=\"column\">\n\t\t\t<div class=\"elementor-widget-wrap elementor-element-populated\">\n\t\t\t\t\t\t<div class=\"elementor-element elementor-element-211a5e7 elementor-widget elementor-widget-image\" data-id=\"211a5e7\" data-element_type=\"widget\" data-e-type=\"widget\" data-widget_type=\"image.default\">\n\t\t\t\t<div class=\"elementor-widget-container\">\n\t\t\t\t\t\t\t\t\t\t\t\t\t\t\t<img loading=\"lazy\" decoding=\"async\" width=\"1024\" height=\"683\" src=\"https:\/\/schwerelosfreieredner.at\/wp-content\/uploads\/2021\/09\/KEKS-1-1024x683.jpg\" class=\"attachment-large size-large wp-image-210\" alt=\"\" srcset=\"https:\/\/schwerelosfreieredner.at\/wp-content\/uploads\/2021\/09\/KEKS-1-1024x683.jpg 1024w, https:\/\/schwerelosfreieredner.at\/wp-content\/uploads\/2021\/09\/KEKS-1-300x200.jpg 300w, https:\/\/schwerelosfreieredner.at\/wp-content\/uploads\/2021\/09\/KEKS-1-768x512.jpg 768w, https:\/\/schwerelosfreieredner.at\/wp-content\/uploads\/2021\/09\/KEKS-1-1536x1024.jpg 1536w, https:\/\/schwerelosfreieredner.at\/wp-content\/uploads\/2021\/09\/KEKS-1-2048x1365.jpg 2048w, https:\/\/schwerelosfreieredner.at\/wp-content\/uploads\/2021\/09\/KEKS-1-1140x760.jpg 1140w\" sizes=\"(max-width: 1024px) 100vw, 1024px\" \/>\t\t\t\t\t\t\t\t\t\t\t\t\t\t\t<\/div>\n\t\t\t\t<\/div>\n\t\t\t\t\t<\/div>\n\t\t<\/div>\n\t\t\t\t\t<\/div>\n\t\t<\/section>\n\t\t\t\t<\/div>\n\t\t","protected":false},"excerpt":{"rendered":"<p>Das gr\u00f6\u00dfte Gl\u00fcck in den H\u00e4nden zu halten und mit der Familie und Freunden \u201eSCHWERELOS\u201c Willkommen zu hei\u00dfen, bleibt unvergesslich.<\/p>\n","protected":false},"author":1,"featured_media":212,"parent":0,"menu_order":0,"comment_status":"closed","ping_status":"closed","template":"elementor_header_footer","meta":{"footnotes":""},"class_list":["post-54","page","type-page","status-publish","has-post-thumbnail","hentry"],"_links":{"self":[{"href":"https:\/\/schwerelosfreieredner.at\/index.php?rest_route=\/wp\/v2\/pages\/54","targetHints":{"allow":["GET"]}}],"collection":[{"href":"https:\/\/schwerelosfreieredner.at\/index.php?rest_route=\/wp\/v2\/pages"}],"about":[{"href":"https:\/\/schwerelosfreieredner.at\/index.php?rest_route=\/wp\/v2\/types\/page"}],"author":[{"embeddable":true,"href":"https:\/\/schwerelosfreieredner.at\/index.php?rest_route=\/wp\/v2\/users\/1"}],"replies":[{"embeddable":true,"href":"https:\/\/schwerelosfreieredner.at\/index.php?rest_route=%2Fwp%2Fv2%2Fcomments&post=54"}],"version-history":[{"count":10,"href":"https:\/\/schwerelosfreieredner.at\/index.php?rest_route=\/wp\/v2\/pages\/54\/revisions"}],"predecessor-version":[{"id":2065,"href":"https:\/\/schwerelosfreieredner.at\/index.php?rest_route=\/wp\/v2\/pages\/54\/revisions\/2065"}],"wp:featuredmedia":[{"embeddable":true,"href":"https:\/\/schwerelosfreieredner.at\/index.php?rest_route=\/wp\/v2\/media\/212"}],"wp:attachment":[{"href":"https:\/\/schwerelosfreieredner.at\/index.php?rest_route=%2Fwp%2Fv2%2Fmedia&parent=54"}],"curies":[{"name":"wp","href":"https:\/\/api.w.org\/{rel}","templated":true}]}}