{"id":53,"date":"2021-09-20T22:29:14","date_gmt":"2021-09-20T20:29:14","guid":{"rendered":"http:\/\/schwerelosfreieredner.at\/?page_id=53"},"modified":"2023-10-17T22:22:09","modified_gmt":"2023-10-17T20:22:09","slug":"freie-trauung","status":"publish","type":"page","link":"https:\/\/schwerelosfreieredner.at\/?page_id=53","title":{"rendered":"FREIE TRAUUNG"},"content":{"rendered":"\t\t<div data-elementor-type=\"wp-page\" data-elementor-id=\"53\" class=\"elementor elementor-53\">\n\t\t\t\t\t\t<section class=\"elementor-section elementor-top-section elementor-element elementor-element-1e02377d elementor-section-boxed elementor-section-height-default elementor-section-height-default wpr-particle-no wpr-jarallax-no wpr-parallax-no wpr-sticky-section-no wpr-column-slider-no wpr-equal-height-no\" data-id=\"1e02377d\" data-element_type=\"section\" data-e-type=\"section\">\n\t\t\t\t\t\t<div class=\"elementor-container elementor-column-gap-default\">\n\t\t\t\t\t<div class=\"elementor-column elementor-col-100 elementor-top-column elementor-element elementor-element-2efb5e4d\" data-id=\"2efb5e4d\" data-element_type=\"column\" data-e-type=\"column\">\n\t\t\t<div class=\"elementor-widget-wrap elementor-element-populated\">\n\t\t\t\t\t\t<div class=\"elementor-element elementor-element-483b13a elementor-widget elementor-widget-image\" data-id=\"483b13a\" data-element_type=\"widget\" data-e-type=\"widget\" data-widget_type=\"image.default\">\n\t\t\t\t<div class=\"elementor-widget-container\">\n\t\t\t\t\t\t\t\t\t\t\t\t\t\t\t<img fetchpriority=\"high\" decoding=\"async\" width=\"768\" height=\"1152\" src=\"https:\/\/schwerelosfreieredner.at\/wp-content\/uploads\/2023\/09\/923A7086-768x1152.jpg\" class=\"attachment-medium_large size-medium_large wp-image-2509\" alt=\"\" srcset=\"https:\/\/schwerelosfreieredner.at\/wp-content\/uploads\/2023\/09\/923A7086-768x1152.jpg 768w, https:\/\/schwerelosfreieredner.at\/wp-content\/uploads\/2023\/09\/923A7086-200x300.jpg 200w, https:\/\/schwerelosfreieredner.at\/wp-content\/uploads\/2023\/09\/923A7086-683x1024.jpg 683w, https:\/\/schwerelosfreieredner.at\/wp-content\/uploads\/2023\/09\/923A7086-1024x1536.jpg 1024w, https:\/\/schwerelosfreieredner.at\/wp-content\/uploads\/2023\/09\/923A7086-1365x2048.jpg 1365w, https:\/\/schwerelosfreieredner.at\/wp-content\/uploads\/2023\/09\/923A7086-scaled.jpg 1707w\" sizes=\"(max-width: 768px) 100vw, 768px\" \/>\t\t\t\t\t\t\t\t\t\t\t\t\t\t\t<\/div>\n\t\t\t\t<\/div>\n\t\t\t\t<div class=\"elementor-element elementor-element-4156bdff elementor-widget elementor-widget-text-editor\" data-id=\"4156bdff\" data-element_type=\"widget\" data-e-type=\"widget\" data-widget_type=\"text-editor.default\">\n\t\t\t\t<div class=\"elementor-widget-container\">\n\t\t\t\t\t\t\t\t\t<p><\/p>\n<div class=\"wp-block-columns is-layout-flex wp-container-core-columns-is-layout-9d6595d7 wp-block-columns-is-layout-flex\">\n<p><\/p>\n<div class=\"wp-block-column is-layout-flow wp-block-column-is-layout-flow\" style=\"flex-basis: 100%;\">\n<p><\/p>\n<h3 style=\"text-align: center;\"><span style=\"color: #808080;\"><span class=\"has-inline-color\">DIESER TAG SOLL DER<\/span><span class=\"has-inline-color\"> SCH\u00d6NSTE WERDEN UND F\u00dcR IMMER IN ERINNERUNG BLEIBEN!<\/span><\/span><\/h3>\n<p style=\"text-align: center;\"><span style=\"color: #808080;\"><\/span><\/p>\n<h3 style=\"text-align: center;\"><span style=\"color: #808080;\"><span class=\"has-inline-color\">NACH GEMEINSAMEN <\/span><span class=\"has-inline-color\">GESPR\u00c4CHEN WIRD IHRE TRAUUNG \u201eSCHWERELOS\u201c SCH\u00d6N!<\/span><\/span><\/h3>\n<div style=\"text-align: center;\"><span class=\"has-inline-color\" style=\"color: #697479;\">\u00a0<\/span><\/div>\n<p style=\"text-align: center;\"><\/p>\n<\/div>\n<p style=\"text-align: center;\"><\/p>\n<\/div>\n<p style=\"text-align: center;\"><\/p>\n<div class=\"wp-block-columns is-layout-flex wp-container-core-columns-is-layout-9d6595d7 wp-block-columns-is-layout-flex\">\n<p style=\"text-align: center;\"><\/p>\n<div class=\"wp-block-column is-layout-flow wp-block-column-is-layout-flow\" style=\"text-align: center;\">\n<p><\/p>\n<\/div>\n<p><\/p>\n<div class=\"wp-block-column is-layout-flow wp-block-column-is-layout-flow\">\n<p><\/p>\n<p><\/p>\n<\/div>\n<p><\/p>\n<div class=\"wp-block-column is-layout-flow wp-block-column-is-layout-flow\">\n<p><\/p>\n<\/div>\n<p><\/p>\n<\/div>\n<p><\/p>\n<p><\/p>\t\t\t\t\t\t\t\t<\/div>\n\t\t\t\t<\/div>\n\t\t\t\t\t<\/div>\n\t\t<\/div>\n\t\t\t\t\t<\/div>\n\t\t<\/section>\n\t\t\t\t<section class=\"elementor-section elementor-top-section elementor-element elementor-element-1d12779 elementor-section-boxed elementor-section-height-default elementor-section-height-default wpr-particle-no wpr-jarallax-no wpr-parallax-no wpr-sticky-section-no wpr-column-slider-no wpr-equal-height-no\" data-id=\"1d12779\" data-element_type=\"section\" data-e-type=\"section\">\n\t\t\t\t\t\t<div class=\"elementor-container elementor-column-gap-default\">\n\t\t\t\t\t<div class=\"elementor-column elementor-col-50 elementor-top-column elementor-element elementor-element-f7441f7\" data-id=\"f7441f7\" data-element_type=\"column\" data-e-type=\"column\">\n\t\t\t<div class=\"elementor-widget-wrap elementor-element-populated\">\n\t\t\t\t\t\t<div class=\"elementor-element elementor-element-fc3c5eb elementor-widget elementor-widget-image\" data-id=\"fc3c5eb\" data-element_type=\"widget\" data-e-type=\"widget\" data-widget_type=\"image.default\">\n\t\t\t\t<div class=\"elementor-widget-container\">\n\t\t\t\t\t\t\t\t\t\t\t\t\t\t\t<img decoding=\"async\" width=\"1024\" height=\"683\" src=\"https:\/\/schwerelosfreieredner.at\/wp-content\/uploads\/2023\/09\/castello-L-A-ich-1024x683.jpg\" class=\"attachment-large size-large wp-image-2500\" alt=\"\" srcset=\"https:\/\/schwerelosfreieredner.at\/wp-content\/uploads\/2023\/09\/castello-L-A-ich-1024x683.jpg 1024w, https:\/\/schwerelosfreieredner.at\/wp-content\/uploads\/2023\/09\/castello-L-A-ich-300x200.jpg 300w, https:\/\/schwerelosfreieredner.at\/wp-content\/uploads\/2023\/09\/castello-L-A-ich-768x512.jpg 768w, https:\/\/schwerelosfreieredner.at\/wp-content\/uploads\/2023\/09\/castello-L-A-ich-1536x1024.jpg 1536w, https:\/\/schwerelosfreieredner.at\/wp-content\/uploads\/2023\/09\/castello-L-A-ich-2048x1365.jpg 2048w\" sizes=\"(max-width: 1024px) 100vw, 1024px\" \/>\t\t\t\t\t\t\t\t\t\t\t\t\t\t\t<\/div>\n\t\t\t\t<\/div>\n\t\t\t\t\t<\/div>\n\t\t<\/div>\n\t\t\t\t<div class=\"elementor-column elementor-col-50 elementor-top-column elementor-element elementor-element-e818c41\" data-id=\"e818c41\" data-element_type=\"column\" data-e-type=\"column\">\n\t\t\t<div class=\"elementor-widget-wrap elementor-element-populated\">\n\t\t\t\t\t\t<div class=\"elementor-element elementor-element-be087ef elementor-widget elementor-widget-image\" data-id=\"be087ef\" data-element_type=\"widget\" data-e-type=\"widget\" data-widget_type=\"image.default\">\n\t\t\t\t<div class=\"elementor-widget-container\">\n\t\t\t\t\t\t\t\t\t\t\t\t\t\t\t<img decoding=\"async\" width=\"1024\" height=\"683\" src=\"https:\/\/schwerelosfreieredner.at\/wp-content\/uploads\/2023\/09\/castello1-1024x683.jpg\" class=\"attachment-large size-large wp-image-2494\" alt=\"\" srcset=\"https:\/\/schwerelosfreieredner.at\/wp-content\/uploads\/2023\/09\/castello1-1024x683.jpg 1024w, https:\/\/schwerelosfreieredner.at\/wp-content\/uploads\/2023\/09\/castello1-300x200.jpg 300w, https:\/\/schwerelosfreieredner.at\/wp-content\/uploads\/2023\/09\/castello1-768x512.jpg 768w, https:\/\/schwerelosfreieredner.at\/wp-content\/uploads\/2023\/09\/castello1-1536x1024.jpg 1536w, https:\/\/schwerelosfreieredner.at\/wp-content\/uploads\/2023\/09\/castello1-2048x1365.jpg 2048w\" sizes=\"(max-width: 1024px) 100vw, 1024px\" \/>\t\t\t\t\t\t\t\t\t\t\t\t\t\t\t<\/div>\n\t\t\t\t<\/div>\n\t\t\t\t\t<\/div>\n\t\t<\/div>\n\t\t\t\t\t<\/div>\n\t\t<\/section>\n\t\t\t\t<section class=\"elementor-section elementor-top-section elementor-element elementor-element-f394764 elementor-section-boxed elementor-section-height-default elementor-section-height-default wpr-particle-no wpr-jarallax-no wpr-parallax-no wpr-sticky-section-no wpr-column-slider-no wpr-equal-height-no\" data-id=\"f394764\" data-element_type=\"section\" data-e-type=\"section\">\n\t\t\t\t\t\t<div class=\"elementor-container elementor-column-gap-default\">\n\t\t\t\t\t<div class=\"elementor-column elementor-col-100 elementor-top-column elementor-element elementor-element-9fb960e\" data-id=\"9fb960e\" data-element_type=\"column\" data-e-type=\"column\">\n\t\t\t<div class=\"elementor-widget-wrap elementor-element-populated\">\n\t\t\t\t\t\t<div class=\"elementor-element elementor-element-2177cfe elementor-widget elementor-widget-text-editor\" data-id=\"2177cfe\" data-element_type=\"widget\" data-e-type=\"widget\" data-widget_type=\"text-editor.default\">\n\t\t\t\t<div class=\"elementor-widget-container\">\n\t\t\t\t\t\t\t\t\t<h1 style=\"text-align: center;\"><strong><span style=\"color: #808080;\">das sagen meine kunden<\/span><\/strong><\/h1>\t\t\t\t\t\t\t\t<\/div>\n\t\t\t\t<\/div>\n\t\t\t\t<div class=\"elementor-element elementor-element-ba5db42 elementor-widget-divider--view-line elementor-widget elementor-widget-divider\" data-id=\"ba5db42\" data-element_type=\"widget\" data-e-type=\"widget\" data-widget_type=\"divider.default\">\n\t\t\t\t<div class=\"elementor-widget-container\">\n\t\t\t\t\t\t\t<div class=\"elementor-divider\">\n\t\t\t<span class=\"elementor-divider-separator\">\n\t\t\t\t\t\t<\/span>\n\t\t<\/div>\n\t\t\t\t\t\t<\/div>\n\t\t\t\t<\/div>\n\t\t\t\t\t<\/div>\n\t\t<\/div>\n\t\t\t\t\t<\/div>\n\t\t<\/section>\n\t\t\t\t<section class=\"elementor-section elementor-top-section elementor-element elementor-element-e138ef7 elementor-section-content-space-between elementor-section-boxed elementor-section-height-default elementor-section-height-default wpr-particle-no wpr-jarallax-no wpr-parallax-no wpr-sticky-section-no wpr-column-slider-no wpr-equal-height-no\" data-id=\"e138ef7\" data-element_type=\"section\" data-e-type=\"section\">\n\t\t\t\t\t\t<div class=\"elementor-container elementor-column-gap-default\">\n\t\t\t\t\t<div class=\"elementor-column elementor-col-50 elementor-top-column elementor-element elementor-element-1d9c74a\" data-id=\"1d9c74a\" data-element_type=\"column\" data-e-type=\"column\">\n\t\t\t<div class=\"elementor-widget-wrap elementor-element-populated\">\n\t\t\t\t\t\t<div class=\"elementor-element elementor-element-39f1d6e elementor-widget elementor-widget-text-editor\" data-id=\"39f1d6e\" data-element_type=\"widget\" data-e-type=\"widget\" data-widget_type=\"text-editor.default\">\n\t\t\t\t<div class=\"elementor-widget-container\">\n\t\t\t\t\t\t\t\t\t<h3><span style=\"color: #808080;\">Es ist mir eine herzensangelegenheit, mich von ganzem herzen bei dir f\u00fcr die wundersch\u00f6ne trauungszeremonie, die du f\u00fcr mich und meinen mann, mit so viel liebe und engagement, Ideen und einf\u00fchlungsverm\u00f6gen und ganz viel pers\u00f6nlichkeit von dir, gestaltet hast, zu bedanken! \u00a0vielen lieben dank \u00a0\u00a0<\/span><\/h3>\n<h3><span style=\"color: #808080;\">andrea & Hans<\/span><\/h3>\t\t\t\t\t\t\t\t<\/div>\n\t\t\t\t<\/div>\n\t\t\t\t\t<\/div>\n\t\t<\/div>\n\t\t\t\t<div class=\"elementor-column elementor-col-50 elementor-top-column elementor-element elementor-element-a2148dc\" data-id=\"a2148dc\" data-element_type=\"column\" data-e-type=\"column\">\n\t\t\t<div class=\"elementor-widget-wrap elementor-element-populated\">\n\t\t\t\t\t\t<div class=\"elementor-element elementor-element-432a9ce elementor-widget elementor-widget-text-editor\" data-id=\"432a9ce\" data-element_type=\"widget\" data-e-type=\"widget\" data-widget_type=\"text-editor.default\">\n\t\t\t\t<div class=\"elementor-widget-container\">\n\t\t\t\t\t\t\t\t\t<h3><span style=\"color: #808080;\">durch dich wurde dieser tag zu einem besonderen f\u00fcr uns! danke f\u00fcr deine emotionalen worte, deine rituale, welche ganz besonders auf uns abgestimmt waren und die musikalische begleitung!\u00a0 \u00a0 \u00a0 \u00a0 \u00a0 \u00a0 \u00a0 \u00a0 \u00a0 \u00a0 \u00a0 es war f\u00fcr uns alle ein unvergesslicher tag!\u00a0<\/span><\/h3>\n<h3><span style=\"color: #808080;\">roswitha\u00a0 & david<\/span><\/h3>\t\t\t\t\t\t\t\t<\/div>\n\t\t\t\t<\/div>\n\t\t\t\t\t<\/div>\n\t\t<\/div>\n\t\t\t\t\t<\/div>\n\t\t<\/section>\n\t\t\t\t<section class=\"elementor-section elementor-top-section elementor-element elementor-element-0d6a2c0 elementor-section-boxed elementor-section-height-default elementor-section-height-default wpr-particle-no wpr-jarallax-no wpr-parallax-no wpr-sticky-section-no wpr-column-slider-no wpr-equal-height-no\" data-id=\"0d6a2c0\" data-element_type=\"section\" data-e-type=\"section\">\n\t\t\t\t\t\t<div class=\"elementor-container elementor-column-gap-default\">\n\t\t\t\t\t<div class=\"elementor-column elementor-col-50 elementor-top-column elementor-element elementor-element-3b86e12\" data-id=\"3b86e12\" data-element_type=\"column\" data-e-type=\"column\">\n\t\t\t<div class=\"elementor-widget-wrap elementor-element-populated\">\n\t\t\t\t\t\t<div class=\"elementor-element elementor-element-30f532f elementor-widget elementor-widget-text-editor\" data-id=\"30f532f\" data-element_type=\"widget\" data-e-type=\"widget\" data-widget_type=\"text-editor.default\">\n\t\t\t\t<div class=\"elementor-widget-container\">\n\t\t\t\t\t\t\t\t\t<h3><span class=\"s1\" style=\"color: #808080;\">Danke Uli, wir sind so froh, dass du unsere Traurednerin warst, es war eine ganz besondere Trauung.<\/span><\/h3>\n<h3 class=\"p1\"><span class=\"s1\" style=\"color: #808080;\">Sebastian & Alexandra\u00a0<\/span><\/h3>\t\t\t\t\t\t\t\t<\/div>\n\t\t\t\t<\/div>\n\t\t\t\t\t<\/div>\n\t\t<\/div>\n\t\t\t\t<div class=\"elementor-column elementor-col-50 elementor-top-column elementor-element elementor-element-ea4946f\" data-id=\"ea4946f\" data-element_type=\"column\" data-e-type=\"column\">\n\t\t\t<div class=\"elementor-widget-wrap elementor-element-populated\">\n\t\t\t\t\t\t<div class=\"elementor-element elementor-element-e0b2d5a elementor-widget elementor-widget-text-editor\" data-id=\"e0b2d5a\" data-element_type=\"widget\" data-e-type=\"widget\" data-widget_type=\"text-editor.default\">\n\t\t\t\t<div class=\"elementor-widget-container\">\n\t\t\t\t\t\t\t\t\t<h3><span style=\"color: #808080;\">Diesen wundersch\u00f6ne Tag hast du f\u00fcr uns zu etwas ganz besonderem gemacht. Deine treffenden Worte haben nicht nur uns, sondern auch unsere G\u00e4ste sehr ber\u00fchrt.\u00a0 Danke !!!<\/span><\/h3>\n<div><span style=\"color: #808080; font-family: Montserrat, sans-serif; font-size: 14px; font-weight: 400; text-transform: uppercase; font-style: var( --e-global-typography-text-font-style ); letter-spacing: var( --e-global-typography-text-letter-spacing );\">Christa & Robert<\/span><\/div>\t\t\t\t\t\t\t\t<\/div>\n\t\t\t\t<\/div>\n\t\t\t\t\t<\/div>\n\t\t<\/div>\n\t\t\t\t\t<\/div>\n\t\t<\/section>\n\t\t\t\t<section class=\"elementor-section elementor-top-section elementor-element elementor-element-d97fe1c elementor-section-boxed elementor-section-height-default elementor-section-height-default wpr-particle-no wpr-jarallax-no wpr-parallax-no wpr-sticky-section-no wpr-column-slider-no wpr-equal-height-no\" data-id=\"d97fe1c\" data-element_type=\"section\" data-e-type=\"section\">\n\t\t\t\t\t\t<div class=\"elementor-container elementor-column-gap-default\">\n\t\t\t\t\t<div class=\"elementor-column elementor-col-100 elementor-top-column elementor-element elementor-element-6ae6512\" data-id=\"6ae6512\" data-element_type=\"column\" data-e-type=\"column\">\n\t\t\t<div class=\"elementor-widget-wrap elementor-element-populated\">\n\t\t\t\t\t\t<div class=\"elementor-element elementor-element-d9b6a0d elementor-widget-divider--view-line elementor-widget elementor-widget-divider\" data-id=\"d9b6a0d\" data-element_type=\"widget\" data-e-type=\"widget\" data-widget_type=\"divider.default\">\n\t\t\t\t<div class=\"elementor-widget-container\">\n\t\t\t\t\t\t\t<div class=\"elementor-divider\">\n\t\t\t<span class=\"elementor-divider-separator\">\n\t\t\t\t\t\t<\/span>\n\t\t<\/div>\n\t\t\t\t\t\t<\/div>\n\t\t\t\t<\/div>\n\t\t\t\t<div class=\"elementor-element elementor-element-3dba9f4 elementor-widget elementor-widget-image\" data-id=\"3dba9f4\" data-element_type=\"widget\" data-e-type=\"widget\" data-widget_type=\"image.default\">\n\t\t\t\t<div class=\"elementor-widget-container\">\n\t\t\t\t\t\t\t\t\t\t\t\t\t\t\t\t<a href=\"https:\/\/www.austriawedding.at\/heiraten-in\/kaernten\">\n\t\t\t\t\t\t\t<img loading=\"lazy\" decoding=\"async\" width=\"300\" height=\"300\" src=\"https:\/\/schwerelosfreieredner.at\/wp-content\/uploads\/2023\/07\/austrian-wedding_postings-300x300.png\" class=\"attachment-medium size-medium wp-image-2441\" alt=\"\" srcset=\"https:\/\/schwerelosfreieredner.at\/wp-content\/uploads\/2023\/07\/austrian-wedding_postings-300x300.png 300w, https:\/\/schwerelosfreieredner.at\/wp-content\/uploads\/2023\/07\/austrian-wedding_postings-1024x1024.png 1024w, https:\/\/schwerelosfreieredner.at\/wp-content\/uploads\/2023\/07\/austrian-wedding_postings-150x150.png 150w, https:\/\/schwerelosfreieredner.at\/wp-content\/uploads\/2023\/07\/austrian-wedding_postings-768x768.png 768w, https:\/\/schwerelosfreieredner.at\/wp-content\/uploads\/2023\/07\/austrian-wedding_postings.png 1200w\" sizes=\"(max-width: 300px) 100vw, 300px\" \/>\t\t\t\t\t\t\t\t<\/a>\n\t\t\t\t\t\t\t\t\t\t\t\t\t\t\t<\/div>\n\t\t\t\t<\/div>\n\t\t\t\t\t<\/div>\n\t\t<\/div>\n\t\t\t\t\t<\/div>\n\t\t<\/section>\n\t\t\t\t<section class=\"elementor-section elementor-top-section elementor-element elementor-element-b521589 elementor-section-boxed elementor-section-height-default elementor-section-height-default wpr-particle-no wpr-jarallax-no wpr-parallax-no wpr-sticky-section-no wpr-column-slider-no wpr-equal-height-no\" data-id=\"b521589\" data-element_type=\"section\" data-e-type=\"section\">\n\t\t\t\t\t\t<div class=\"elementor-container elementor-column-gap-default\">\n\t\t\t\t\t<div class=\"elementor-column elementor-col-100 elementor-top-column elementor-element elementor-element-2073b15\" data-id=\"2073b15\" data-element_type=\"column\" data-e-type=\"column\">\n\t\t\t<div class=\"elementor-widget-wrap elementor-element-populated\">\n\t\t\t\t\t\t<div class=\"elementor-element elementor-element-effe3d1 elementor-widget-divider--view-line elementor-widget elementor-widget-divider\" data-id=\"effe3d1\" data-element_type=\"widget\" data-e-type=\"widget\" data-widget_type=\"divider.default\">\n\t\t\t\t<div class=\"elementor-widget-container\">\n\t\t\t\t\t\t\t<div class=\"elementor-divider\">\n\t\t\t<span class=\"elementor-divider-separator\">\n\t\t\t\t\t\t<\/span>\n\t\t<\/div>\n\t\t\t\t\t\t<\/div>\n\t\t\t\t<\/div>\n\t\t\t\t<div class=\"elementor-element elementor-element-a7e3d1d elementor-shape-circle elementor-grid-0 e-grid-align-center elementor-widget elementor-widget-social-icons\" data-id=\"a7e3d1d\" data-element_type=\"widget\" data-e-type=\"widget\" data-widget_type=\"social-icons.default\">\n\t\t\t\t<div class=\"elementor-widget-container\">\n\t\t\t\t\t\t\t<div class=\"elementor-social-icons-wrapper elementor-grid\" role=\"list\">\n\t\t\t\t\t\t\t<span class=\"elementor-grid-item\" role=\"listitem\">\n\t\t\t\t\t<a class=\"elementor-icon elementor-social-icon elementor-social-icon-facebook elementor-repeater-item-16b0ec1\" href=\"https:\/\/www.facebook.com\/profile.php?id=100092638313886\" target=\"_blank\">\n\t\t\t\t\t\t<span class=\"elementor-screen-only\">Facebook<\/span>\n\t\t\t\t\t\t<i aria-hidden=\"true\" class=\"fab fa-facebook\"><\/i>\t\t\t\t\t<\/a>\n\t\t\t\t<\/span>\n\t\t\t\t\t\t\t<span class=\"elementor-grid-item\" role=\"listitem\">\n\t\t\t\t\t<a class=\"elementor-icon elementor-social-icon elementor-social-icon-instagram elementor-repeater-item-e5c4714\" href=\"https:\/\/www.instagram.com\/schwerelos_freierednerin\" target=\"_blank\">\n\t\t\t\t\t\t<span class=\"elementor-screen-only\">Instagram<\/span>\n\t\t\t\t\t\t<i aria-hidden=\"true\" class=\"fab fa-instagram\"><\/i>\t\t\t\t\t<\/a>\n\t\t\t\t<\/span>\n\t\t\t\t\t<\/div>\n\t\t\t\t\t\t<\/div>\n\t\t\t\t<\/div>\n\t\t\t\t\t<\/div>\n\t\t<\/div>\n\t\t\t\t\t<\/div>\n\t\t<\/section>\n\t\t\t\t<section class=\"elementor-section elementor-top-section elementor-element elementor-element-dec4bbd elementor-section-boxed elementor-section-height-default elementor-section-height-default wpr-particle-no wpr-jarallax-no wpr-parallax-no wpr-sticky-section-no wpr-column-slider-no wpr-equal-height-no\" data-id=\"dec4bbd\" data-element_type=\"section\" data-e-type=\"section\">\n\t\t\t\t\t\t<div class=\"elementor-container elementor-column-gap-default\">\n\t\t\t\t\t<div class=\"elementor-column elementor-col-100 elementor-top-column elementor-element elementor-element-5e5d0d6\" data-id=\"5e5d0d6\" data-element_type=\"column\" data-e-type=\"column\">\n\t\t\t<div class=\"elementor-widget-wrap\">\n\t\t\t\t\t\t\t<\/div>\n\t\t<\/div>\n\t\t\t\t\t<\/div>\n\t\t<\/section>\n\t\t\t\t<\/div>\n\t\t","protected":false},"excerpt":{"rendered":"<p>freietrauung<\/p>\n","protected":false},"author":1,"featured_media":96,"parent":0,"menu_order":0,"comment_status":"closed","ping_status":"closed","template":"elementor_header_footer","meta":{"footnotes":""},"class_list":["post-53","page","type-page","status-publish","has-post-thumbnail","hentry"],"_links":{"self":[{"href":"https:\/\/schwerelosfreieredner.at\/index.php?rest_route=\/wp\/v2\/pages\/53","targetHints":{"allow":["GET"]}}],"collection":[{"href":"https:\/\/schwerelosfreieredner.at\/index.php?rest_route=\/wp\/v2\/pages"}],"about":[{"href":"https:\/\/schwerelosfreieredner.at\/index.php?rest_route=\/wp\/v2\/types\/page"}],"author":[{"embeddable":true,"href":"https:\/\/schwerelosfreieredner.at\/index.php?rest_route=\/wp\/v2\/users\/1"}],"replies":[{"embeddable":true,"href":"https:\/\/schwerelosfreieredner.at\/index.php?rest_route=%2Fwp%2Fv2%2Fcomments&post=53"}],"version-history":[{"count":10,"href":"https:\/\/schwerelosfreieredner.at\/index.php?rest_route=\/wp\/v2\/pages\/53\/revisions"}],"predecessor-version":[{"id":2542,"href":"https:\/\/schwerelosfreieredner.at\/index.php?rest_route=\/wp\/v2\/pages\/53\/revisions\/2542"}],"wp:featuredmedia":[{"embeddable":true,"href":"https:\/\/schwerelosfreieredner.at\/index.php?rest_route=\/wp\/v2\/media\/96"}],"wp:attachment":[{"href":"https:\/\/schwerelosfreieredner.at\/index.php?rest_route=%2Fwp%2Fv2%2Fmedia&parent=53"}],"curies":[{"name":"wp","href":"https:\/\/api.w.org\/{rel}","templated":true}]}}